{"id":466,"date":"2022-05-02T06:51:57","date_gmt":"2022-05-02T10:51:57","guid":{"rendered":"http:\/\/construccionmathiesen.com\/peru\/?page_id=466"},"modified":"2022-05-03T19:15:51","modified_gmt":"2022-05-03T23:15:51","slug":"areas-e-industrias","status":"publish","type":"page","link":"https:\/\/construccionmathiesen.com\/peru\/areas-e-industrias\/","title":{"rendered":"Section selector"},"content":{"rendered":"\t\t<div data-elementor-type=\"wp-page\" data-elementor-id=\"466\" class=\"elementor elementor-466\">\n\t\t\t\t\t\t<div class=\"elementor-inner\">\n\t\t\t\t<div class=\"elementor-section-wrap\">\n\t\t\t\t\t\t\t\t\t<section class=\"elementor-section elementor-top-section elementor-element elementor-element-28078e1 elementor-section-full_width elementor-section-height-min-height elementor-section-height-default elementor-section-items-middle\" data-id=\"28078e1\" data-element_type=\"section\">\n\t\t\t\t\t\t<div class=\"elementor-container elementor-column-gap-default\">\n\t\t\t\t\t\t\t<div class=\"elementor-row\">\n\t\t\t\t\t<div class=\"elementor-column elementor-col-33 elementor-top-column elementor-element elementor-element-dc68048\" data-id=\"dc68048\" data-element_type=\"column\" data-settings=\"{&quot;background_background&quot;:&quot;classic&quot;}\">\n\t\t\t<div class=\"elementor-column-wrap elementor-element-populated\">\n\t\t\t\t\t<div class=\"elementor-background-overlay\"><\/div>\n\t\t\t\t\t\t\t<div class=\"elementor-widget-wrap\">\n\t\t\t\t\t\t<div class=\"elementor-element elementor-element-c3bd321 elementor-widget elementor-widget-image\" data-id=\"c3bd321\" data-element_type=\"widget\" data-widget_type=\"image.default\">\n\t\t\t\t<div class=\"elementor-widget-container\">\n\t\t\t\t\t\t\t\t<div class=\"elementor-image\">\n\t\t\t\t\t\t\t\t\t\t\t\t\t<a href=\"https:\/\/construccionmathiesen.com\/peru\">\n\t\t\t\t\t\t\t<img loading=\"lazy\" decoding=\"async\" width=\"800\" height=\"800\" src=\"https:\/\/construccionmathiesen.com\/peru\/wp-content\/uploads\/sites\/2\/2022\/05\/Blank_square-1024x1024.png\" class=\"attachment-large size-large wp-image-470\" alt=\"blank\" srcset=\"https:\/\/construccionmathiesen.com\/peru\/wp-content\/uploads\/sites\/2\/2022\/05\/Blank_square.png 1024w, https:\/\/construccionmathiesen.com\/peru\/wp-content\/uploads\/sites\/2\/2022\/05\/Blank_square-300x300.png 300w, https:\/\/construccionmathiesen.com\/peru\/wp-content\/uploads\/sites\/2\/2022\/05\/Blank_square-150x150.png 150w, https:\/\/construccionmathiesen.com\/peru\/wp-content\/uploads\/sites\/2\/2022\/05\/Blank_square-768x768.png 768w\" sizes=\"(max-width: 800px) 100vw, 800px\" \/>\t\t\t\t\t\t\t\t<\/a>\n\t\t\t\t\t\t\t\t\t\t\t\t\t\t<\/div>\n\t\t\t\t\t\t<\/div>\n\t\t\t\t<\/div>\n\t\t\t\t<div class=\"elementor-element elementor-element-5167a6a elementor-widget elementor-widget-heading\" data-id=\"5167a6a\" data-element_type=\"widget\" data-widget_type=\"heading.default\">\n\t\t\t\t<div class=\"elementor-widget-container\">\n\t\t\t<h2 class=\"elementor-heading-title elementor-size-default\"><a href=\"https:\/\/construccionmathiesen.com\/peru\/blog\/category\/productos\/industria-mineria\/\">Productos para la Industria y la Miner\u00eda<\/a><\/h2>\t\t<\/div>\n\t\t\t\t<\/div>\n\t\t\t\t\t\t<\/div>\n\t\t\t\t\t<\/div>\n\t\t<\/div>\n\t\t\t\t<div class=\"elementor-column elementor-col-33 elementor-top-column elementor-element elementor-element-d644424\" data-id=\"d644424\" data-element_type=\"column\" data-settings=\"{&quot;background_background&quot;:&quot;classic&quot;}\">\n\t\t\t<div class=\"elementor-column-wrap elementor-element-populated\">\n\t\t\t\t\t<div class=\"elementor-background-overlay\"><\/div>\n\t\t\t\t\t\t\t<div class=\"elementor-widget-wrap\">\n\t\t\t\t\t\t<div class=\"elementor-element elementor-element-0b57480 elementor-widget elementor-widget-image\" data-id=\"0b57480\" data-element_type=\"widget\" data-widget_type=\"image.default\">\n\t\t\t\t<div class=\"elementor-widget-container\">\n\t\t\t\t\t\t\t\t<div class=\"elementor-image\">\n\t\t\t\t\t\t\t\t\t\t\t\t\t<a href=\"https:\/\/construccionmathiesen.com\/peru\">\n\t\t\t\t\t\t\t<img loading=\"lazy\" decoding=\"async\" width=\"800\" height=\"800\" src=\"https:\/\/construccionmathiesen.com\/peru\/wp-content\/uploads\/sites\/2\/2022\/05\/Blank_square-1024x1024.png\" class=\"attachment-large size-large wp-image-470\" alt=\"blank\" srcset=\"https:\/\/construccionmathiesen.com\/peru\/wp-content\/uploads\/sites\/2\/2022\/05\/Blank_square.png 1024w, https:\/\/construccionmathiesen.com\/peru\/wp-content\/uploads\/sites\/2\/2022\/05\/Blank_square-300x300.png 300w, https:\/\/construccionmathiesen.com\/peru\/wp-content\/uploads\/sites\/2\/2022\/05\/Blank_square-150x150.png 150w, https:\/\/construccionmathiesen.com\/peru\/wp-content\/uploads\/sites\/2\/2022\/05\/Blank_square-768x768.png 768w\" sizes=\"(max-width: 800px) 100vw, 800px\" \/>\t\t\t\t\t\t\t\t<\/a>\n\t\t\t\t\t\t\t\t\t\t\t\t\t\t<\/div>\n\t\t\t\t\t\t<\/div>\n\t\t\t\t<\/div>\n\t\t\t\t<div class=\"elementor-element elementor-element-86eae15 elementor-widget elementor-widget-heading\" data-id=\"86eae15\" data-element_type=\"widget\" data-widget_type=\"heading.default\">\n\t\t\t\t<div class=\"elementor-widget-container\">\n\t\t\t<h2 class=\"elementor-heading-title elementor-size-default\">Productos para uso Habitacional<\/h2>\t\t<\/div>\n\t\t\t\t<\/div>\n\t\t\t\t\t\t<\/div>\n\t\t\t\t\t<\/div>\n\t\t<\/div>\n\t\t\t\t<div class=\"elementor-column elementor-col-33 elementor-top-column elementor-element elementor-element-a2cc7f5\" data-id=\"a2cc7f5\" data-element_type=\"column\" data-settings=\"{&quot;background_background&quot;:&quot;classic&quot;}\">\n\t\t\t<div class=\"elementor-column-wrap elementor-element-populated\">\n\t\t\t\t\t<div class=\"elementor-background-overlay\"><\/div>\n\t\t\t\t\t\t\t<div class=\"elementor-widget-wrap\">\n\t\t\t\t\t\t<div class=\"elementor-element elementor-element-274c047 elementor-widget elementor-widget-image\" data-id=\"274c047\" data-element_type=\"widget\" data-widget_type=\"image.default\">\n\t\t\t\t<div class=\"elementor-widget-container\">\n\t\t\t\t\t\t\t\t<div class=\"elementor-image\">\n\t\t\t\t\t\t\t\t\t\t\t\t\t<a href=\"https:\/\/construccionmathiesen.com\/peru\">\n\t\t\t\t\t\t\t<img loading=\"lazy\" decoding=\"async\" width=\"800\" height=\"800\" src=\"https:\/\/construccionmathiesen.com\/peru\/wp-content\/uploads\/sites\/2\/2022\/05\/Blank_square-1024x1024.png\" class=\"attachment-large size-large wp-image-470\" alt=\"blank\" srcset=\"https:\/\/construccionmathiesen.com\/peru\/wp-content\/uploads\/sites\/2\/2022\/05\/Blank_square.png 1024w, https:\/\/construccionmathiesen.com\/peru\/wp-content\/uploads\/sites\/2\/2022\/05\/Blank_square-300x300.png 300w, https:\/\/construccionmathiesen.com\/peru\/wp-content\/uploads\/sites\/2\/2022\/05\/Blank_square-150x150.png 150w, https:\/\/construccionmathiesen.com\/peru\/wp-content\/uploads\/sites\/2\/2022\/05\/Blank_square-768x768.png 768w\" sizes=\"(max-width: 800px) 100vw, 800px\" \/>\t\t\t\t\t\t\t\t<\/a>\n\t\t\t\t\t\t\t\t\t\t\t\t\t\t<\/div>\n\t\t\t\t\t\t<\/div>\n\t\t\t\t<\/div>\n\t\t\t\t<div class=\"elementor-element elementor-element-2003df5 elementor-widget elementor-widget-heading\" data-id=\"2003df5\" data-element_type=\"widget\" data-widget_type=\"heading.default\">\n\t\t\t\t<div class=\"elementor-widget-container\">\n\t\t\t<h2 class=\"elementor-heading-title elementor-size-default\">Productos para uso Comercial e Institucional<\/h2>\t\t<\/div>\n\t\t\t\t<\/div>\n\t\t\t\t\t\t<\/div>\n\t\t\t\t\t<\/div>\n\t\t<\/div>\n\t\t\t\t\t\t\t\t<\/div>\n\t\t\t\t\t<\/div>\n\t\t<\/section>\n\t\t\t\t\t\t\t\t\t<\/div>\n\t\t\t<\/div>\n\t\t\t\t\t<\/div>\n\t\t","protected":false},"excerpt":{"rendered":"<p>Productos para la Industria y la Miner\u00eda Productos para uso Habitacional Productos para uso Comercial e Institucional<\/p>\n","protected":false},"author":1,"featured_media":0,"parent":0,"menu_order":0,"comment_status":"closed","ping_status":"closed","template":"","meta":{"footnotes":""},"acf":[],"yoast_head":"<!-- This site is optimized with the Yoast SEO plugin v21.6 - https:\/\/yoast.com\/wordpress\/plugins\/seo\/ -->\n<title>Section selector - Construcci\u00f3n Mathiesen Per\u00fa<\/title>\n<meta name=\"robots\" content=\"index, follow, max-snippet:-1, max-image-preview:large, max-video-preview:-1\" \/>\n<link rel=\"canonical\" href=\"https:\/\/construccionmathiesen.com\/peru\/areas-e-industrias\/\" \/>\n<meta property=\"og:locale\" content=\"es_ES\" \/>\n<meta property=\"og:type\" content=\"article\" \/>\n<meta property=\"og:title\" content=\"Section selector - Construcci\u00f3n Mathiesen Per\u00fa\" \/>\n<meta property=\"og:description\" content=\"Productos para la Industria y la Miner\u00eda Productos para uso Habitacional Productos para uso Comercial e Institucional\" \/>\n<meta property=\"og:url\" content=\"https:\/\/construccionmathiesen.com\/peru\/areas-e-industrias\/\" \/>\n<meta property=\"og:site_name\" content=\"Construcci\u00f3n Mathiesen Per\u00fa\" \/>\n<meta property=\"article:modified_time\" content=\"2022-05-03T23:15:51+00:00\" \/>\n<meta property=\"og:image\" content=\"https:\/\/construccionmathiesen.com\/wp-content\/uploads\/sites\/2\/2022\/05\/Blank_square-1024x1024.png\" \/>\n<meta name=\"twitter:card\" content=\"summary_large_image\" \/>\n<script type=\"application\/ld+json\" class=\"yoast-schema-graph\">{\"@context\":\"https:\/\/schema.org\",\"@graph\":[{\"@type\":\"WebPage\",\"@id\":\"https:\/\/construccionmathiesen.com\/peru\/areas-e-industrias\/\",\"url\":\"https:\/\/construccionmathiesen.com\/peru\/areas-e-industrias\/\",\"name\":\"Section selector - Construcci\u00f3n Mathiesen Per\u00fa\",\"isPartOf\":{\"@id\":\"https:\/\/construccionmathiesen.com\/peru\/#website\"},\"datePublished\":\"2022-05-02T10:51:57+00:00\",\"dateModified\":\"2022-05-03T23:15:51+00:00\",\"breadcrumb\":{\"@id\":\"https:\/\/construccionmathiesen.com\/peru\/areas-e-industrias\/#breadcrumb\"},\"inLanguage\":\"es-CL\",\"potentialAction\":[{\"@type\":\"ReadAction\",\"target\":[\"https:\/\/construccionmathiesen.com\/peru\/areas-e-industrias\/\"]}]},{\"@type\":\"BreadcrumbList\",\"@id\":\"https:\/\/construccionmathiesen.com\/peru\/areas-e-industrias\/#breadcrumb\",\"itemListElement\":[{\"@type\":\"ListItem\",\"position\":1,\"name\":\"Portada\",\"item\":\"https:\/\/construccionmathiesen.com\/peru\/\"},{\"@type\":\"ListItem\",\"position\":2,\"name\":\"Section selector\"}]},{\"@type\":\"WebSite\",\"@id\":\"https:\/\/construccionmathiesen.com\/peru\/#website\",\"url\":\"https:\/\/construccionmathiesen.com\/peru\/\",\"name\":\"Construcci\u00f3n Mathiesen Per\u00fa\",\"description\":\"Expertos en productos Arquitect\u00f3nicos e Industriales\",\"publisher\":{\"@id\":\"https:\/\/construccionmathiesen.com\/peru\/#organization\"},\"potentialAction\":[{\"@type\":\"SearchAction\",\"target\":{\"@type\":\"EntryPoint\",\"urlTemplate\":\"https:\/\/construccionmathiesen.com\/peru\/?s={search_term_string}\"},\"query-input\":\"required name=search_term_string\"}],\"inLanguage\":\"es-CL\"},{\"@type\":\"Organization\",\"@id\":\"https:\/\/construccionmathiesen.com\/peru\/#organization\",\"name\":\"Construcci\u00f3n Mathiesen Per\u00fa\",\"url\":\"https:\/\/construccionmathiesen.com\/peru\/\",\"logo\":{\"@type\":\"ImageObject\",\"inLanguage\":\"es-CL\",\"@id\":\"https:\/\/construccionmathiesen.com\/peru\/#\/schema\/logo\/image\/\",\"url\":\"https:\/\/construccionmathiesen.com\/peru\/wp-content\/uploads\/sites\/2\/2022\/04\/Logotipos-Mathiesen-2021-12.png\",\"contentUrl\":\"https:\/\/construccionmathiesen.com\/peru\/wp-content\/uploads\/sites\/2\/2022\/04\/Logotipos-Mathiesen-2021-12.png\",\"width\":1496,\"height\":298,\"caption\":\"Construcci\u00f3n Mathiesen Per\u00fa\"},\"image\":{\"@id\":\"https:\/\/construccionmathiesen.com\/peru\/#\/schema\/logo\/image\/\"}}]}<\/script>\n<!-- \/ Yoast SEO plugin. -->","yoast_head_json":{"title":"Section selector - Construcci\u00f3n Mathiesen Per\u00fa","robots":{"index":"index","follow":"follow","max-snippet":"max-snippet:-1","max-image-preview":"max-image-preview:large","max-video-preview":"max-video-preview:-1"},"canonical":"https:\/\/construccionmathiesen.com\/peru\/areas-e-industrias\/","og_locale":"es_ES","og_type":"article","og_title":"Section selector - Construcci\u00f3n Mathiesen Per\u00fa","og_description":"Productos para la Industria y la Miner\u00eda Productos para uso Habitacional Productos para uso Comercial e Institucional","og_url":"https:\/\/construccionmathiesen.com\/peru\/areas-e-industrias\/","og_site_name":"Construcci\u00f3n Mathiesen Per\u00fa","article_modified_time":"2022-05-03T23:15:51+00:00","og_image":[{"url":"https:\/\/construccionmathiesen.com\/wp-content\/uploads\/sites\/2\/2022\/05\/Blank_square-1024x1024.png"}],"twitter_card":"summary_large_image","schema":{"@context":"https:\/\/schema.org","@graph":[{"@type":"WebPage","@id":"https:\/\/construccionmathiesen.com\/peru\/areas-e-industrias\/","url":"https:\/\/construccionmathiesen.com\/peru\/areas-e-industrias\/","name":"Section selector - Construcci\u00f3n Mathiesen Per\u00fa","isPartOf":{"@id":"https:\/\/construccionmathiesen.com\/peru\/#website"},"datePublished":"2022-05-02T10:51:57+00:00","dateModified":"2022-05-03T23:15:51+00:00","breadcrumb":{"@id":"https:\/\/construccionmathiesen.com\/peru\/areas-e-industrias\/#breadcrumb"},"inLanguage":"es-CL","potentialAction":[{"@type":"ReadAction","target":["https:\/\/construccionmathiesen.com\/peru\/areas-e-industrias\/"]}]},{"@type":"BreadcrumbList","@id":"https:\/\/construccionmathiesen.com\/peru\/areas-e-industrias\/#breadcrumb","itemListElement":[{"@type":"ListItem","position":1,"name":"Portada","item":"https:\/\/construccionmathiesen.com\/peru\/"},{"@type":"ListItem","position":2,"name":"Section selector"}]},{"@type":"WebSite","@id":"https:\/\/construccionmathiesen.com\/peru\/#website","url":"https:\/\/construccionmathiesen.com\/peru\/","name":"Construcci\u00f3n Mathiesen Per\u00fa","description":"Expertos en productos Arquitect\u00f3nicos e Industriales","publisher":{"@id":"https:\/\/construccionmathiesen.com\/peru\/#organization"},"potentialAction":[{"@type":"SearchAction","target":{"@type":"EntryPoint","urlTemplate":"https:\/\/construccionmathiesen.com\/peru\/?s={search_term_string}"},"query-input":"required name=search_term_string"}],"inLanguage":"es-CL"},{"@type":"Organization","@id":"https:\/\/construccionmathiesen.com\/peru\/#organization","name":"Construcci\u00f3n Mathiesen Per\u00fa","url":"https:\/\/construccionmathiesen.com\/peru\/","logo":{"@type":"ImageObject","inLanguage":"es-CL","@id":"https:\/\/construccionmathiesen.com\/peru\/#\/schema\/logo\/image\/","url":"https:\/\/construccionmathiesen.com\/peru\/wp-content\/uploads\/sites\/2\/2022\/04\/Logotipos-Mathiesen-2021-12.png","contentUrl":"https:\/\/construccionmathiesen.com\/peru\/wp-content\/uploads\/sites\/2\/2022\/04\/Logotipos-Mathiesen-2021-12.png","width":1496,"height":298,"caption":"Construcci\u00f3n Mathiesen Per\u00fa"},"image":{"@id":"https:\/\/construccionmathiesen.com\/peru\/#\/schema\/logo\/image\/"}}]}},"_links":{"self":[{"href":"https:\/\/construccionmathiesen.com\/peru\/wp-json\/wp\/v2\/pages\/466"}],"collection":[{"href":"https:\/\/construccionmathiesen.com\/peru\/wp-json\/wp\/v2\/pages"}],"about":[{"href":"https:\/\/construccionmathiesen.com\/peru\/wp-json\/wp\/v2\/types\/page"}],"author":[{"embeddable":true,"href":"https:\/\/construccionmathiesen.com\/peru\/wp-json\/wp\/v2\/users\/1"}],"replies":[{"embeddable":true,"href":"https:\/\/construccionmathiesen.com\/peru\/wp-json\/wp\/v2\/comments?post=466"}],"version-history":[{"count":9,"href":"https:\/\/construccionmathiesen.com\/peru\/wp-json\/wp\/v2\/pages\/466\/revisions"}],"predecessor-version":[{"id":633,"href":"https:\/\/construccionmathiesen.com\/peru\/wp-json\/wp\/v2\/pages\/466\/revisions\/633"}],"wp:attachment":[{"href":"https:\/\/construccionmathiesen.com\/peru\/wp-json\/wp\/v2\/media?parent=466"}],"curies":[{"name":"wp","href":"https:\/\/api.w.org\/{rel}","templated":true}]}}